{"id":96,"date":"2025-07-10T01:54:58","date_gmt":"2025-07-10T01:54:58","guid":{"rendered":"https:\/\/almeidaamorim.com.br\/?page_id=96"},"modified":"2025-07-10T02:07:33","modified_gmt":"2025-07-10T02:07:33","slug":"sobre-nos","status":"publish","type":"page","link":"https:\/\/almeidaamorim.com.br\/index.php\/sobre-nos\/","title":{"rendered":"Sobre N\u00f3s"},"content":{"rendered":"<p>[et_pb_section fb_built=&#8221;1&#8243; _builder_version=&#8221;4.10.3&#8243; _module_preset=&#8221;default&#8221;][et_pb_row _builder_version=&#8221;4.10.3&#8243; _module_preset=&#8221;default&#8221; hover_enabled=&#8221;0&#8243; sticky_enabled=&#8221;0&#8243;][et_pb_column _builder_version=&#8221;4.10.3&#8243; _module_preset=&#8221;default&#8221; type=&#8221;4_4&#8243;][et_pb_text _builder_version=&#8221;4.10.3&#8243; _module_preset=&#8221;default&#8221; hover_enabled=&#8221;0&#8243; sticky_enabled=&#8221;0&#8243; text_font_size=&#8221;40px&#8221; text_font=&#8221;Alice||||||||&#8221;]<\/p>\n<p>Sobre N\u00f3s<\/p>\n<p>[\/et_pb_text][\/et_pb_column][\/et_pb_row][et_pb_row _builder_version=&#8221;4.10.3&#8243; _module_preset=&#8221;default&#8221;][et_pb_column _builder_version=&#8221;4.10.3&#8243; _module_preset=&#8221;default&#8221; type=&#8221;4_4&#8243;][et_pb_team_member name=&#8221;Dra. Rita de C\u00e1ssia Almeida Amorim&#8221; image_url=&#8221;https:\/\/almeidaamorim.com.br\/wp-content\/uploads\/2025\/07\/Almeida-Amorim-Giovane-Almeida-Fotografo-30.png&#8221; position=&#8221;OAB-BA: 23.204&#8243; _builder_version=&#8221;4.10.3&#8243; _module_preset=&#8221;default&#8221; hover_enabled=&#8221;0&#8243; sticky_enabled=&#8221;0&#8243; title_text=&#8221;Almeida &#038; Amorim &#8211; Giovane Almeida Fot\u00f3grafo-30&#8243; body_text_align=&#8221;justify&#8221;]<\/p>\n<p data-start=\"515\" data-end=\"956\">Advogada, formada em 2006, construiu uma carreira s\u00f3lida e respeitada na \u00e1rea do Direito Previdenci\u00e1rio. Ao longo de sua trajet\u00f3ria, tornou-se refer\u00eancia por sua atua\u00e7\u00e3o t\u00e9cnica, \u00e9tica e comprometida, sempre em busca das melhores solu\u00e7\u00f5es jur\u00eddicas para seus clientes. Sua especializa\u00e7\u00e3o e constante atualiza\u00e7\u00e3o na \u00e1rea previdenci\u00e1ria garantem um atendimento de excel\u00eancia, especialmente em casos de aposentadoria e benef\u00edcios junto ao INSS.<\/p>\n<p data-start=\"958\" data-end=\"1328\">O diferencial de sua atua\u00e7\u00e3o est\u00e1 no cuidado individual com cada cliente. Com empatia, aten\u00e7\u00e3o e respeito, escutando cada hist\u00f3ria, compreendendo cada necessidade e conduzindo cada processo com responsabilidade e dedica\u00e7\u00e3o. Seu compromisso vai al\u00e9m do aspecto jur\u00eddico \u2014 envolve acolher, orientar e representar pessoas que buscam seus direitos com confian\u00e7a e seguran\u00e7a.<\/p>\n<p data-start=\"1330\" data-end=\"1759\">Com sensibilidade e profundo conhecimento da legisla\u00e7\u00e3o previdenci\u00e1ria rural, essa profissional atua de forma humanizada, prestando um atendimento acolhedor e personalizado. Parte do pressuposto que, muitas vezes, o trabalhador rural enfrenta dificuldades para reunir documentos e comprovar o tempo de servi\u00e7o no campo \u2014 especialmente por conta das mudan\u00e7as frequentes nas normas e da informalidade comum nesse tipo de atividade.<\/p>\n<p data-start=\"1761\" data-end=\"2180\">Mais do que apenas protocolar pedidos, a advogada realiza uma verdadeira investiga\u00e7\u00e3o da vida laboral de seus clientes, orientando sobre a documenta\u00e7\u00e3o necess\u00e1ria, elaborando defesas s\u00f3lidas e acompanhando todo o processo, desde o requerimento administrativo at\u00e9 eventuais a\u00e7\u00f5es judiciais. Seu objetivo \u00e9 garantir o acesso a benef\u00edcios como aposentadoria por idade rural, pens\u00e3o por morte, aux\u00edlio-doen\u00e7a, entre outros.<\/p>\n<p data-start=\"2182\" data-end=\"2506\">Al\u00e9m disso, sua atua\u00e7\u00e3o se destaca pelo compromisso com a justi\u00e7a social, valorizando a contribui\u00e7\u00e3o silenciosa, mas essencial, que o homem e a mulher do campo oferecem ao pa\u00eds. Seu trabalho vai muito al\u00e9m do jur\u00eddico \u2014 \u00e9 tamb\u00e9m um ato de reconhecimento e respeito \u00e0 dignidade, principalmente junto aos trabalhadores rurais.<\/p>\n<p>[\/et_pb_team_member][\/et_pb_column][\/et_pb_row][et_pb_row _builder_version=&#8221;4.10.3&#8243; _module_preset=&#8221;default&#8221;][et_pb_column _builder_version=&#8221;4.10.3&#8243; _module_preset=&#8221;default&#8221; type=&#8221;4_4&#8243;][et_pb_team_member name=&#8221;Dr. Petr\u00f4nio Farias de Amorim&#8221; image_url=&#8221;https:\/\/almeidaamorim.com.br\/wp-content\/uploads\/2025\/07\/Almeida-Amorim-Giovane-Almeida-Fotografo-44.png&#8221; position=&#8221;OAB-BA: 21.683&#8243; _builder_version=&#8221;4.10.3&#8243; _module_preset=&#8221;default&#8221; hover_enabled=&#8221;0&#8243; sticky_enabled=&#8221;0&#8243; title_text=&#8221;Almeida &#038; Amorim &#8211; Giovane Almeida Fot\u00f3grafo-44&#8243; body_text_align=&#8221;justify&#8221;]<\/p>\n<p data-start=\"2578\" data-end=\"2970\">Formado em Direito no ano de 2005, o advogado Petr\u00f4nio Farias de Amorim atua h\u00e1 quase duas d\u00e9cadas com foco no Direito Empresarial, oferecendo assessoria jur\u00eddica estrat\u00e9gica a empres\u00e1rios dos mais diversos setores da economia. Com uma s\u00f3lida forma\u00e7\u00e3o e vasta experi\u00eancia pr\u00e1tica, ele se destaca pelo trabalho voltado \u00e0 seguran\u00e7a jur\u00eddica e ao crescimento sustent\u00e1vel das empresas que atende.<\/p>\n<p data-start=\"2972\" data-end=\"3308\">Ao longo de sua trajet\u00f3ria, consolidou-se como refer\u00eancia no direcionamento jur\u00eddico de neg\u00f3cios, prestando consultoria em temas como constitui\u00e7\u00e3o e reorganiza\u00e7\u00e3o societ\u00e1ria, contratos empresariais, estrutura\u00e7\u00e3o de opera\u00e7\u00f5es comerciais, responsabilidade dos s\u00f3cios, governan\u00e7a corporativa, sucess\u00e3o empresarial e resolu\u00e7\u00e3o de conflitos.<\/p>\n<p data-start=\"3310\" data-end=\"3725\">Seu diferencial est\u00e1 na capacidade de aliar conhecimento t\u00e9cnico \u00e0 realidade pr\u00e1tica do empreendedor, atuando de forma preventiva e contenciosa, com uma vis\u00e3o integrada das \u00e1reas jur\u00eddica e estrat\u00e9gica dos neg\u00f3cios. Com atendimento personalizado e foco em solu\u00e7\u00f5es eficazes, Dr. Petr\u00f4nio se compromete com os resultados de seus clientes, contribuindo para decis\u00f5es mais seguras e planejamentos empresariais s\u00f3lidos.<\/p>\n<p data-start=\"3727\" data-end=\"3929\">Seja na atua\u00e7\u00e3o junto a pequenas e m\u00e9dias empresas ou em ambientes corporativos mais complexos, sua miss\u00e3o \u00e9 clara: oferecer suporte jur\u00eddico de excel\u00eancia, com \u00e9tica, comprometimento e vis\u00e3o de futuro.<\/p>\n<p data-start=\"3931\" data-end=\"4267\">Al\u00e9m da atua\u00e7\u00e3o empresarial, o advogado tamb\u00e9m milita na \u00e1rea do Direito Administrativo, assessorando agentes p\u00fablicos, servidores e gestores em quest\u00f5es envolvendo processos administrativos, improbidade, licita\u00e7\u00f5es e contratos p\u00fablicos. Sua atua\u00e7\u00e3o \u00e9 pautada pelo rigor t\u00e9cnico e pela defesa do devido processo legal na esfera p\u00fablica.<\/p>\n<p data-start=\"4269\" data-end=\"4648\">Na seara do Direito Eleitoral, possui forte atua\u00e7\u00e3o na defesa de candidatos e partidos, especialmente em casos relacionados a processos eleitorais c\u00edveis e criminais. Com dom\u00ednio das normas que regem o processo eleitoral brasileiro, atua em a\u00e7\u00f5es judiciais e procedimentos investigativos, buscando garantir a lisura do processo democr\u00e1tico e a ampla defesa de seus representados.<\/p>\n<p>[\/et_pb_team_member][\/et_pb_column][\/et_pb_row][\/et_pb_section]<\/p>\n","protected":false},"excerpt":{"rendered":"<p>Sobre N\u00f3sAdvogada, formada em 2006, construiu uma carreira s\u00f3lida e respeitada na \u00e1rea do Direito Previdenci\u00e1rio. Ao longo de sua trajet\u00f3ria, tornou-se refer\u00eancia por sua atua\u00e7\u00e3o t\u00e9cnica, \u00e9tica e comprometida, sempre em busca das melhores solu\u00e7\u00f5es jur\u00eddicas para seus clientes. Sua especializa\u00e7\u00e3o e constante atualiza\u00e7\u00e3o na \u00e1rea previdenci\u00e1ria garantem um atendimento de excel\u00eancia, especialmente em [&hellip;]<\/p>\n","protected":false},"author":1,"featured_media":0,"parent":0,"menu_order":0,"comment_status":"closed","ping_status":"closed","template":"","meta":{"_et_pb_use_builder":"on","_et_pb_old_content":"","_et_gb_content_width":"","footnotes":""},"class_list":["post-96","page","type-page","status-publish","hentry"],"yoast_head":"<!-- This site is optimized with the Yoast SEO plugin v25.4 - https:\/\/yoast.com\/wordpress\/plugins\/seo\/ -->\n<title>Sobre N\u00f3s - Almeida e Amorim Advogados Associados<\/title>\n<meta name=\"robots\" content=\"index, follow, max-snippet:-1, max-image-preview:large, max-video-preview:-1\" \/>\n<link rel=\"canonical\" href=\"https:\/\/almeidaamorim.com.br\/index.php\/sobre-nos\/\" \/>\n<meta property=\"og:locale\" content=\"pt_BR\" \/>\n<meta property=\"og:type\" content=\"article\" \/>\n<meta property=\"og:title\" content=\"Sobre N\u00f3s - Almeida e Amorim Advogados Associados\" \/>\n<meta property=\"og:description\" content=\"Sobre N\u00f3sAdvogada, formada em 2006, construiu uma carreira s\u00f3lida e respeitada na \u00e1rea do Direito Previdenci\u00e1rio. Ao longo de sua trajet\u00f3ria, tornou-se refer\u00eancia por sua atua\u00e7\u00e3o t\u00e9cnica, \u00e9tica e comprometida, sempre em busca das melhores solu\u00e7\u00f5es jur\u00eddicas para seus clientes. Sua especializa\u00e7\u00e3o e constante atualiza\u00e7\u00e3o na \u00e1rea previdenci\u00e1ria garantem um atendimento de excel\u00eancia, especialmente em [&hellip;]\" \/>\n<meta property=\"og:url\" content=\"https:\/\/almeidaamorim.com.br\/index.php\/sobre-nos\/\" \/>\n<meta property=\"og:site_name\" content=\"Almeida e Amorim Advogados Associados\" \/>\n<meta property=\"article:modified_time\" content=\"2025-07-10T02:07:33+00:00\" \/>\n<meta name=\"twitter:card\" content=\"summary_large_image\" \/>\n<script type=\"application\/ld+json\" class=\"yoast-schema-graph\">{\"@context\":\"https:\/\/schema.org\",\"@graph\":[{\"@type\":\"WebPage\",\"@id\":\"https:\/\/almeidaamorim.com.br\/index.php\/sobre-nos\/\",\"url\":\"https:\/\/almeidaamorim.com.br\/index.php\/sobre-nos\/\",\"name\":\"Sobre N\u00f3s - Almeida e Amorim Advogados Associados\",\"isPartOf\":{\"@id\":\"https:\/\/almeidaamorim.com.br\/#website\"},\"datePublished\":\"2025-07-10T01:54:58+00:00\",\"dateModified\":\"2025-07-10T02:07:33+00:00\",\"breadcrumb\":{\"@id\":\"https:\/\/almeidaamorim.com.br\/index.php\/sobre-nos\/#breadcrumb\"},\"inLanguage\":\"pt-BR\",\"potentialAction\":[{\"@type\":\"ReadAction\",\"target\":[\"https:\/\/almeidaamorim.com.br\/index.php\/sobre-nos\/\"]}]},{\"@type\":\"BreadcrumbList\",\"@id\":\"https:\/\/almeidaamorim.com.br\/index.php\/sobre-nos\/#breadcrumb\",\"itemListElement\":[{\"@type\":\"ListItem\",\"position\":1,\"name\":\"In\u00edcio\",\"item\":\"https:\/\/almeidaamorim.com.br\/\"},{\"@type\":\"ListItem\",\"position\":2,\"name\":\"Sobre N\u00f3s\"}]},{\"@type\":\"WebSite\",\"@id\":\"https:\/\/almeidaamorim.com.br\/#website\",\"url\":\"https:\/\/almeidaamorim.com.br\/\",\"name\":\"Almeida e Amorim Advogados Associados\",\"description\":\"\",\"publisher\":{\"@id\":\"https:\/\/almeidaamorim.com.br\/#organization\"},\"potentialAction\":[{\"@type\":\"SearchAction\",\"target\":{\"@type\":\"EntryPoint\",\"urlTemplate\":\"https:\/\/almeidaamorim.com.br\/?s={search_term_string}\"},\"query-input\":{\"@type\":\"PropertyValueSpecification\",\"valueRequired\":true,\"valueName\":\"search_term_string\"}}],\"inLanguage\":\"pt-BR\"},{\"@type\":\"Organization\",\"@id\":\"https:\/\/almeidaamorim.com.br\/#organization\",\"name\":\"Almeida e Amorim Advogados Associados\",\"url\":\"https:\/\/almeidaamorim.com.br\/\",\"logo\":{\"@type\":\"ImageObject\",\"inLanguage\":\"pt-BR\",\"@id\":\"https:\/\/almeidaamorim.com.br\/#\/schema\/logo\/image\/\",\"url\":\"https:\/\/almeidaamorim.com.br\/wp-content\/uploads\/2025\/07\/cropped-logoamorim-site.png\",\"contentUrl\":\"https:\/\/almeidaamorim.com.br\/wp-content\/uploads\/2025\/07\/cropped-logoamorim-site.png\",\"width\":400,\"height\":123,\"caption\":\"Almeida e Amorim Advogados Associados\"},\"image\":{\"@id\":\"https:\/\/almeidaamorim.com.br\/#\/schema\/logo\/image\/\"}}]}<\/script>\n<!-- \/ Yoast SEO plugin. -->","yoast_head_json":{"title":"Sobre N\u00f3s - Almeida e Amorim Advogados Associados","robots":{"index":"index","follow":"follow","max-snippet":"max-snippet:-1","max-image-preview":"max-image-preview:large","max-video-preview":"max-video-preview:-1"},"canonical":"https:\/\/almeidaamorim.com.br\/index.php\/sobre-nos\/","og_locale":"pt_BR","og_type":"article","og_title":"Sobre N\u00f3s - Almeida e Amorim Advogados Associados","og_description":"Sobre N\u00f3sAdvogada, formada em 2006, construiu uma carreira s\u00f3lida e respeitada na \u00e1rea do Direito Previdenci\u00e1rio. Ao longo de sua trajet\u00f3ria, tornou-se refer\u00eancia por sua atua\u00e7\u00e3o t\u00e9cnica, \u00e9tica e comprometida, sempre em busca das melhores solu\u00e7\u00f5es jur\u00eddicas para seus clientes. Sua especializa\u00e7\u00e3o e constante atualiza\u00e7\u00e3o na \u00e1rea previdenci\u00e1ria garantem um atendimento de excel\u00eancia, especialmente em [&hellip;]","og_url":"https:\/\/almeidaamorim.com.br\/index.php\/sobre-nos\/","og_site_name":"Almeida e Amorim Advogados Associados","article_modified_time":"2025-07-10T02:07:33+00:00","twitter_card":"summary_large_image","schema":{"@context":"https:\/\/schema.org","@graph":[{"@type":"WebPage","@id":"https:\/\/almeidaamorim.com.br\/index.php\/sobre-nos\/","url":"https:\/\/almeidaamorim.com.br\/index.php\/sobre-nos\/","name":"Sobre N\u00f3s - Almeida e Amorim Advogados Associados","isPartOf":{"@id":"https:\/\/almeidaamorim.com.br\/#website"},"datePublished":"2025-07-10T01:54:58+00:00","dateModified":"2025-07-10T02:07:33+00:00","breadcrumb":{"@id":"https:\/\/almeidaamorim.com.br\/index.php\/sobre-nos\/#breadcrumb"},"inLanguage":"pt-BR","potentialAction":[{"@type":"ReadAction","target":["https:\/\/almeidaamorim.com.br\/index.php\/sobre-nos\/"]}]},{"@type":"BreadcrumbList","@id":"https:\/\/almeidaamorim.com.br\/index.php\/sobre-nos\/#breadcrumb","itemListElement":[{"@type":"ListItem","position":1,"name":"In\u00edcio","item":"https:\/\/almeidaamorim.com.br\/"},{"@type":"ListItem","position":2,"name":"Sobre N\u00f3s"}]},{"@type":"WebSite","@id":"https:\/\/almeidaamorim.com.br\/#website","url":"https:\/\/almeidaamorim.com.br\/","name":"Almeida e Amorim Advogados Associados","description":"","publisher":{"@id":"https:\/\/almeidaamorim.com.br\/#organization"},"potentialAction":[{"@type":"SearchAction","target":{"@type":"EntryPoint","urlTemplate":"https:\/\/almeidaamorim.com.br\/?s={search_term_string}"},"query-input":{"@type":"PropertyValueSpecification","valueRequired":true,"valueName":"search_term_string"}}],"inLanguage":"pt-BR"},{"@type":"Organization","@id":"https:\/\/almeidaamorim.com.br\/#organization","name":"Almeida e Amorim Advogados Associados","url":"https:\/\/almeidaamorim.com.br\/","logo":{"@type":"ImageObject","inLanguage":"pt-BR","@id":"https:\/\/almeidaamorim.com.br\/#\/schema\/logo\/image\/","url":"https:\/\/almeidaamorim.com.br\/wp-content\/uploads\/2025\/07\/cropped-logoamorim-site.png","contentUrl":"https:\/\/almeidaamorim.com.br\/wp-content\/uploads\/2025\/07\/cropped-logoamorim-site.png","width":400,"height":123,"caption":"Almeida e Amorim Advogados Associados"},"image":{"@id":"https:\/\/almeidaamorim.com.br\/#\/schema\/logo\/image\/"}}]}},"_links":{"self":[{"href":"https:\/\/almeidaamorim.com.br\/index.php\/wp-json\/wp\/v2\/pages\/96","targetHints":{"allow":["GET"]}}],"collection":[{"href":"https:\/\/almeidaamorim.com.br\/index.php\/wp-json\/wp\/v2\/pages"}],"about":[{"href":"https:\/\/almeidaamorim.com.br\/index.php\/wp-json\/wp\/v2\/types\/page"}],"author":[{"embeddable":true,"href":"https:\/\/almeidaamorim.com.br\/index.php\/wp-json\/wp\/v2\/users\/1"}],"replies":[{"embeddable":true,"href":"https:\/\/almeidaamorim.com.br\/index.php\/wp-json\/wp\/v2\/comments?post=96"}],"version-history":[{"count":3,"href":"https:\/\/almeidaamorim.com.br\/index.php\/wp-json\/wp\/v2\/pages\/96\/revisions"}],"predecessor-version":[{"id":102,"href":"https:\/\/almeidaamorim.com.br\/index.php\/wp-json\/wp\/v2\/pages\/96\/revisions\/102"}],"wp:attachment":[{"href":"https:\/\/almeidaamorim.com.br\/index.php\/wp-json\/wp\/v2\/media?parent=96"}],"curies":[{"name":"wp","href":"https:\/\/api.w.org\/{rel}","templated":true}]}}